{"id":319,"date":"2019-08-20T12:08:34","date_gmt":"2019-08-20T12:08:34","guid":{"rendered":"http:\/\/ulvsby.dev.virtualteam.io\/?page_id=319"},"modified":"2025-12-29T09:50:39","modified_gmt":"2025-12-29T09:50:39","slug":"homepage-en","status":"publish","type":"page","link":"https:\/\/ulvsbyherrgard.se\/en\/","title":{"rendered":"Home"},"content":{"rendered":"<p><span style=\"font-weight: 400;\">V\u00e4rmland scenery tickles all the senses. Take in all the experiences that await just outside the door of Ulvsby Manor. Make the Manor your relaxing basecamp for days or even weeks while exploring the surroundings.\u00a0The area around Sunne includes Selma Lagerlof\u2019s memorial estate, M\u00e5rbacka; the V\u00e4stan\u00e5 Theatre, whose performances in Ber\u00e4ttarladan take visitors\u2019 breath away; and Rottneros Park, with its unique garden and sculpture collection.\u00a0<\/span><\/p>\n<p><span style=\"font-weight: 400;\">If you\u2019d like to add a cultural stamp to your holidays, don\u2019t miss Sunne Culture Week, which offers an extensive and fascinating programme every August.<\/span><\/p>\n","protected":false},"excerpt":{"rendered":"<p>V\u00e4rmland scenery tickles all the senses. Take in all the experiences that await just outside the door of Ulvsby Manor. Make the Manor your relaxing basecamp for days or even weeks while exploring the surroundings.\u00a0The area around Sunne includes Selma Lagerlof\u2019s memorial estate, M\u00e5rbacka; the V\u00e4stan\u00e5 Theatre, whose performances in Ber\u00e4ttarladan take visitors\u2019 breath away; [&hellip;]<\/p>\n","protected":false},"author":1,"featured_media":0,"parent":0,"menu_order":0,"comment_status":"closed","ping_status":"closed","template":"","meta":{"_acf_changed":false,"footnotes":""},"class_list":["post-319","page","type-page","status-publish","hentry"],"acf":[],"yoast_head":"<!-- This site is optimized with the Yoast SEO plugin v27.4 - https:\/\/yoast.com\/product\/yoast-seo-wordpress\/ -->\n<title>Home | Discover the Country Life | Ulvsby Manor<\/title>\n<meta name=\"description\" content=\"Ulvsby Manor is a building with history that dates back to the 15th century. Within our facilities you live in our hotel, visit the spa and a lot more.\" \/>\n<meta name=\"robots\" content=\"index, follow, max-snippet:-1, max-image-preview:large, max-video-preview:-1\" \/>\n<link rel=\"canonical\" href=\"https:\/\/ulvsbyherrgard.se\/en\/\" \/>\n<meta property=\"og:locale\" content=\"en_US\" \/>\n<meta property=\"og:type\" content=\"article\" \/>\n<meta property=\"og:title\" content=\"Home | Discover the Country Life | Ulvsby Manor\" \/>\n<meta property=\"og:description\" content=\"Ulvsby Manor is a building with history that dates back to the 15th century. Within our facilities you live in our hotel, visit the spa and a lot more.\" \/>\n<meta property=\"og:url\" content=\"https:\/\/ulvsbyherrgard.se\/en\/\" \/>\n<meta property=\"og:site_name\" content=\"Ulvsby herrg\u00e5rd\" \/>\n<meta property=\"article:modified_time\" content=\"2025-12-29T09:50:39+00:00\" \/>\n<meta name=\"twitter:card\" content=\"summary_large_image\" \/>\n<meta name=\"twitter:label1\" content=\"Est. reading time\" \/>\n\t<meta name=\"twitter:data1\" content=\"1 minute\" \/>\n<script type=\"application\/ld+json\" class=\"yoast-schema-graph\">{\"@context\":\"https:\\\/\\\/schema.org\",\"@graph\":[{\"@type\":\"WebPage\",\"@id\":\"https:\\\/\\\/ulvsbyherrgard.se\\\/en\\\/\",\"url\":\"https:\\\/\\\/ulvsbyherrgard.se\\\/en\\\/\",\"name\":\"Home | Discover the Country Life | Ulvsby Manor\",\"isPartOf\":{\"@id\":\"https:\\\/\\\/ulvsbyherrgard.se\\\/en\\\/#website\"},\"datePublished\":\"2019-08-20T12:08:34+00:00\",\"dateModified\":\"2025-12-29T09:50:39+00:00\",\"description\":\"Ulvsby Manor is a building with history that dates back to the 15th century. Within our facilities you live in our hotel, visit the spa and a lot more.\",\"breadcrumb\":{\"@id\":\"https:\\\/\\\/ulvsbyherrgard.se\\\/en\\\/#breadcrumb\"},\"inLanguage\":\"en-US\",\"potentialAction\":[{\"@type\":\"ReadAction\",\"target\":[\"https:\\\/\\\/ulvsbyherrgard.se\\\/en\\\/\"]}]},{\"@type\":\"BreadcrumbList\",\"@id\":\"https:\\\/\\\/ulvsbyherrgard.se\\\/en\\\/#breadcrumb\",\"itemListElement\":[{\"@type\":\"ListItem\",\"position\":1,\"name\":\"Home\",\"item\":\"https:\\\/\\\/ulvsbyherrgard.se\\\/en\\\/\"},{\"@type\":\"ListItem\",\"position\":2,\"name\":\"Home\"}]},{\"@type\":\"WebSite\",\"@id\":\"https:\\\/\\\/ulvsbyherrgard.se\\\/en\\\/#website\",\"url\":\"https:\\\/\\\/ulvsbyherrgard.se\\\/en\\\/\",\"name\":\"Ulvsby herrg\u00e5rd\",\"description\":\"\",\"potentialAction\":[{\"@type\":\"SearchAction\",\"target\":{\"@type\":\"EntryPoint\",\"urlTemplate\":\"https:\\\/\\\/ulvsbyherrgard.se\\\/en\\\/?s={search_term_string}\"},\"query-input\":{\"@type\":\"PropertyValueSpecification\",\"valueRequired\":true,\"valueName\":\"search_term_string\"}}],\"inLanguage\":\"en-US\"}]}<\/script>\n<!-- \/ Yoast SEO plugin. -->","yoast_head_json":{"title":"Home | Discover the Country Life | Ulvsby Manor","description":"Ulvsby Manor is a building with history that dates back to the 15th century. Within our facilities you live in our hotel, visit the spa and a lot more.","robots":{"index":"index","follow":"follow","max-snippet":"max-snippet:-1","max-image-preview":"max-image-preview:large","max-video-preview":"max-video-preview:-1"},"canonical":"https:\/\/ulvsbyherrgard.se\/en\/","og_locale":"en_US","og_type":"article","og_title":"Home | Discover the Country Life | Ulvsby Manor","og_description":"Ulvsby Manor is a building with history that dates back to the 15th century. Within our facilities you live in our hotel, visit the spa and a lot more.","og_url":"https:\/\/ulvsbyherrgard.se\/en\/","og_site_name":"Ulvsby herrg\u00e5rd","article_modified_time":"2025-12-29T09:50:39+00:00","twitter_card":"summary_large_image","twitter_misc":{"Est. reading time":"1 minute"},"schema":{"@context":"https:\/\/schema.org","@graph":[{"@type":"WebPage","@id":"https:\/\/ulvsbyherrgard.se\/en\/","url":"https:\/\/ulvsbyherrgard.se\/en\/","name":"Home | Discover the Country Life | Ulvsby Manor","isPartOf":{"@id":"https:\/\/ulvsbyherrgard.se\/en\/#website"},"datePublished":"2019-08-20T12:08:34+00:00","dateModified":"2025-12-29T09:50:39+00:00","description":"Ulvsby Manor is a building with history that dates back to the 15th century. Within our facilities you live in our hotel, visit the spa and a lot more.","breadcrumb":{"@id":"https:\/\/ulvsbyherrgard.se\/en\/#breadcrumb"},"inLanguage":"en-US","potentialAction":[{"@type":"ReadAction","target":["https:\/\/ulvsbyherrgard.se\/en\/"]}]},{"@type":"BreadcrumbList","@id":"https:\/\/ulvsbyherrgard.se\/en\/#breadcrumb","itemListElement":[{"@type":"ListItem","position":1,"name":"Home","item":"https:\/\/ulvsbyherrgard.se\/en\/"},{"@type":"ListItem","position":2,"name":"Home"}]},{"@type":"WebSite","@id":"https:\/\/ulvsbyherrgard.se\/en\/#website","url":"https:\/\/ulvsbyherrgard.se\/en\/","name":"Ulvsby herrg\u00e5rd","description":"","potentialAction":[{"@type":"SearchAction","target":{"@type":"EntryPoint","urlTemplate":"https:\/\/ulvsbyherrgard.se\/en\/?s={search_term_string}"},"query-input":{"@type":"PropertyValueSpecification","valueRequired":true,"valueName":"search_term_string"}}],"inLanguage":"en-US"}]}},"_links":{"self":[{"href":"https:\/\/ulvsbyherrgard.se\/en\/wp-json\/wp\/v2\/pages\/319","targetHints":{"allow":["GET"]}}],"collection":[{"href":"https:\/\/ulvsbyherrgard.se\/en\/wp-json\/wp\/v2\/pages"}],"about":[{"href":"https:\/\/ulvsbyherrgard.se\/en\/wp-json\/wp\/v2\/types\/page"}],"author":[{"embeddable":true,"href":"https:\/\/ulvsbyherrgard.se\/en\/wp-json\/wp\/v2\/users\/1"}],"replies":[{"embeddable":true,"href":"https:\/\/ulvsbyherrgard.se\/en\/wp-json\/wp\/v2\/comments?post=319"}],"version-history":[{"count":12,"href":"https:\/\/ulvsbyherrgard.se\/en\/wp-json\/wp\/v2\/pages\/319\/revisions"}],"predecessor-version":[{"id":833,"href":"https:\/\/ulvsbyherrgard.se\/en\/wp-json\/wp\/v2\/pages\/319\/revisions\/833"}],"wp:attachment":[{"href":"https:\/\/ulvsbyherrgard.se\/en\/wp-json\/wp\/v2\/media?parent=319"}],"curies":[{"name":"wp","href":"https:\/\/api.w.org\/{rel}","templated":true}]}}